{"id":102,"date":"2013-08-03T17:02:35","date_gmt":"2013-08-03T16:02:35","guid":{"rendered":"http:\/\/hundenshalsa.com\/?page_id=102"},"modified":"2022-02-04T14:36:07","modified_gmt":"2022-02-04T13:36:07","slug":"om-dagiset-2","status":"publish","type":"page","link":"https:\/\/hundenshalsa.com\/?page_id=102","title":{"rendered":"OM DAGISET"},"content":{"rendered":"\t\t<div data-elementor-type=\"wp-page\" data-elementor-id=\"102\" class=\"elementor elementor-102\" data-elementor-settings=\"[]\">\n\t\t\t\t\t\t\t<div class=\"elementor-section-wrap\">\n\t\t\t\t\t\t\t<section class=\"elementor-section elementor-top-section elementor-element elementor-element-98836fa elementor-section-boxed elementor-section-height-default elementor-section-height-default\" data-id=\"98836fa\" data-element_type=\"section\">\n\t\t\t\t\t\t<div class=\"elementor-container elementor-column-gap-default\">\n\t\t\t\t\t<div class=\"elementor-column elementor-col-100 elementor-top-column elementor-element elementor-element-a617529\" data-id=\"a617529\" data-element_type=\"column\">\n\t\t\t<div class=\"elementor-widget-wrap elementor-element-populated\">\n\t\t\t\t\t\t\t\t<section class=\"elementor-section elementor-inner-section elementor-element elementor-element-b5b7451 elementor-section-boxed elementor-section-height-default elementor-section-height-default\" data-id=\"b5b7451\" data-element_type=\"section\">\n\t\t\t\t\t\t<div class=\"elementor-container elementor-column-gap-default\">\n\t\t\t\t\t<div class=\"elementor-column elementor-col-50 elementor-inner-column elementor-element elementor-element-e251e5e\" data-id=\"e251e5e\" data-element_type=\"column\">\n\t\t\t<div class=\"elementor-widget-wrap elementor-element-populated\">\n\t\t\t\t\t\t\t\t<div class=\"elementor-element elementor-element-a9821ee elementor-widget elementor-widget-heading\" data-id=\"a9821ee\" data-element_type=\"widget\" data-widget_type=\"heading.default\">\n\t\t\t\t<div class=\"elementor-widget-container\">\n\t\t\t<style>\/*! elementor - v3.5.5 - 03-02-2022 *\/\n.elementor-heading-title{padding:0;margin:0;line-height:1}.elementor-widget-heading .elementor-heading-title[class*=elementor-size-]>a{color:inherit;font-size:inherit;line-height:inherit}.elementor-widget-heading .elementor-heading-title.elementor-size-small{font-size:15px}.elementor-widget-heading .elementor-heading-title.elementor-size-medium{font-size:19px}.elementor-widget-heading .elementor-heading-title.elementor-size-large{font-size:29px}.elementor-widget-heading .elementor-heading-title.elementor-size-xl{font-size:39px}.elementor-widget-heading .elementor-heading-title.elementor-size-xxl{font-size:59px}<\/style><h2 class=\"elementor-heading-title elementor-size-default\">V\u00e4lkommen till hundens h\u00e4lsa<\/h2>\t\t<\/div>\n\t\t\t\t<\/div>\n\t\t\t\t<div class=\"elementor-element elementor-element-8e010ed elementor-widget elementor-widget-text-editor\" data-id=\"8e010ed\" data-element_type=\"widget\" data-widget_type=\"text-editor.default\">\n\t\t\t\t<div class=\"elementor-widget-container\">\n\t\t\t<style>\/*! elementor - v3.5.5 - 03-02-2022 *\/\n.elementor-widget-text-editor.elementor-drop-cap-view-stacked .elementor-drop-cap{background-color:#818a91;color:#fff}.elementor-widget-text-editor.elementor-drop-cap-view-framed .elementor-drop-cap{color:#818a91;border:3px solid;background-color:transparent}.elementor-widget-text-editor:not(.elementor-drop-cap-view-default) .elementor-drop-cap{margin-top:8px}.elementor-widget-text-editor:not(.elementor-drop-cap-view-default) .elementor-drop-cap-letter{width:1em;height:1em}.elementor-widget-text-editor .elementor-drop-cap{float:left;text-align:center;line-height:1;font-size:50px}.elementor-widget-text-editor .elementor-drop-cap-letter{display:inline-block}<\/style>\t\t\t\t<p><span style=\"color: var( --e-global-color-text );\">Hundens H\u00e4lsa \u00e4r ett familj\u00e4rt hunddagis som ligger centralt i Bor\u00e5s n\u00e4ra Bor\u00e5s resecentrum och Centralstationen. Det finns goda pendlingsm\u00f6jligheter och \u00e4r bara fem minuter ifr\u00e5n centrum.<\/span><\/p><p>V\u00e5r lokal \u00e4r godk\u00e4nd av L\u00e4nsstyrelsen. Den \u00e4r rymlig med naturligt ljusinsl\u00e4pp och vi har f\u00f6nster i alla v\u00e5ra hundrum. Hunddagiset \u00e4r hemtrevligt inrett med bekv\u00e4ma soffor, f\u00e5t\u00f6ljer och hundb\u00e4ddar i hundrummen. Vissa av rummen har dessutom hj\u00e4lpmedel s\u00e5som trappor och ramper f\u00f6r att underl\u00e4tta f\u00f6r tex. \u00e4ldre hundar, sm\u00e5 hundar och valpar. I anslutning till hunddagiset har vi en fin inh\u00e4gnad g\u00e5rd, d\u00e4r hundarna kan g\u00e5 och nosa eller busa med andra hundar.\u00a0<\/p><p>P\u00e5 hunddagiset finns n\u00e5gra rum med halvv\u00e4ggar samt n\u00e5gra separata hundrum. Hos oss \u00e4r hundarna indelade i v\u00e4l genomt\u00e4nkta grupper baserat p\u00e5 storlek, \u00e5lder och framf\u00f6r allt personligheten hos de olika hundarna. Grupperna best\u00e5r av 2\u201310 hundar. De hundar som gillar att leka sitter tillsammans och de hundar som hellre vill ha lugn och ro sitter med likasinnade. <br \/>V\u00e5rt m\u00e5l \u00e4r att alla hundarna skall trivas under sin dagisvistelse.<\/p><p>Vi varierar att g\u00e5 promenader inne i stan, i parker och i bostadsomr\u00e5den samt att hundarna f\u00e5r vara l\u00f6sa ute i v\u00e5r inh\u00e4gnad. N\u00e4r hundarna \u00e4r ute l\u00f6sa \u00e4r det alltid minst en personal ute med hundarna. Under promenaderna och utevistelserna f\u00e5r hundarna socialisera sig med andra hundar ut\u00f6ver den gruppen de delar rum med. Vi i personalen har alltid p\u00e5 oss midjeb\u00e4lte n\u00e4r vi \u00e4r ute och g\u00e5r med hundarna av s\u00e4kerhetssk\u00e4l.<\/p><p>F\u00f6r att bidra till en s\u00e5 stressfri och harmonisk milj\u00f6 som m\u00f6jligt, har vi valt att begr\u00e4nsa antalet personer som befinner sig p\u00e5 hunddagiset samtidigt.<\/p><p>Hunddagiset tar inte emot l\u00f6ptikar. N\u00e4r tiken l\u00f6per ska hon vara hemma i tre veckor och d\u00e5 kommer avgiften att halveras p\u00e5 n\u00e4stkommande faktura.<\/p><p>Vi tar emot okastrerade hanhundar under f\u00f6ruts\u00e4ttning att det fungerar och att trivseln p\u00e5 dagis inte p\u00e5verkas. Med det menar vi att hanhunden inte markeringskissar inomhus eller blir stressad av tikar som ska b\u00f6rja l\u00f6pa eller kommer tillbaka efter l\u00f6p.<\/p><p><b>Hundens H\u00e4lsa f\u00f6rbinder sig att,\u00a0<\/b>under den \u00f6verenskomna vistelsetiden, v\u00e5rda hunden v\u00e4l,\u00a0ge den god tillsyn och att rasta hunden regelbundet. Hundens H\u00e4lsa f\u00f6ljer Djurskyddslagen och Jordbruksverkets f\u00f6reskrifter. Personalen har r\u00e4tt att vid akuta olycksfall\/sjukdomstillst\u00e5nd ta hunden till veterin\u00e4r p\u00e5 hund\u00e4garens bekostnad. Beroende p\u00e5 situation, kan hunddagiset f\u00f6rst ta kontakt med hund\u00e4garen och informera om hunden m\u00e5r d\u00e5ligt. Vi ringer och konsulterar med veterin\u00e4r vid behov, d\u00e5 vi sj\u00e4lva inte \u00e4r utbildade djursjukv\u00e5rdare.\u00a0<\/p><p>Vi tar emot friska hundar utan skador som kan delta i alla aktiviteter. Vi har endast m\u00f6jlighet att ta emot en hund \u00e5t g\u00e5ngen som kr\u00e4ver s\u00e4rskild v\u00e5rd d\u00e4r den beh\u00f6ver vara avskild fr\u00e5n andra hundar. Vi bed\u00f6mer varje fall f\u00f6r sig.<\/p><p>Vi anv\u00e4nder oss av positiv f\u00f6rst\u00e4rkning i v\u00e5r verksamhet och vi tycker att det \u00e4r viktigt att l\u00e4ra k\u00e4nna varje hund och deras behov. Vi f\u00f6rs\u00f6ker alltid vara uppm\u00e4rksamma p\u00e5 din hunds m\u00e5ende och kan ber\u00e4tta om hur din hund har haft det under dagen.<br \/><br \/><strong>F\u00f6lj oss g\u00e4rna p\u00e5 <a href=\"https:\/\/www.instagram.com\/hundenshalsaiboras\/\">Instagram<\/a> d\u00e4r vi l\u00e4gger upp bilder och videoklipp fr\u00e5n hunddagiset!\u00a0<\/strong><\/p>\t\t\t\t\t\t<\/div>\n\t\t\t\t<\/div>\n\t\t\t\t\t<\/div>\n\t\t<\/div>\n\t\t\t\t<div class=\"elementor-column elementor-col-50 elementor-inner-column elementor-element elementor-element-320964c\" data-id=\"320964c\" data-element_type=\"column\">\n\t\t\t<div class=\"elementor-widget-wrap elementor-element-populated\">\n\t\t\t\t\t\t\t\t<div class=\"elementor-element elementor-element-54f6b15 elementor-widget elementor-widget-image\" data-id=\"54f6b15\" data-element_type=\"widget\" data-widget_type=\"image.default\">\n\t\t\t\t<div class=\"elementor-widget-container\">\n\t\t\t<style>\/*! elementor - v3.5.5 - 03-02-2022 *\/\n.elementor-widget-image{text-align:center}.elementor-widget-image a{display:inline-block}.elementor-widget-image a img[src$=\".svg\"]{width:48px}.elementor-widget-image img{vertical-align:middle;display:inline-block}<\/style>\t\t\t\t\t\t\t\t\t\t\t\t<img width=\"724\" height=\"1024\" src=\"https:\/\/hundenshalsa.com\/wp-content\/uploads\/2022\/02\/Hundens-Halsa-logga-724x1024.jpg\" class=\"attachment-large size-large\" alt=\"\" loading=\"lazy\" srcset=\"https:\/\/hundenshalsa.com\/wp-content\/uploads\/2022\/02\/Hundens-Halsa-logga-724x1024.jpg 724w, https:\/\/hundenshalsa.com\/wp-content\/uploads\/2022\/02\/Hundens-Halsa-logga-212x300.jpg 212w, https:\/\/hundenshalsa.com\/wp-content\/uploads\/2022\/02\/Hundens-Halsa-logga-768x1086.jpg 768w, https:\/\/hundenshalsa.com\/wp-content\/uploads\/2022\/02\/Hundens-Halsa-logga-1086x1536.jpg 1086w, https:\/\/hundenshalsa.com\/wp-content\/uploads\/2022\/02\/Hundens-Halsa-logga-1448x2048.jpg 1448w, https:\/\/hundenshalsa.com\/wp-content\/uploads\/2022\/02\/Hundens-Halsa-logga-scaled.jpg 1810w\" sizes=\"(max-width: 724px) 100vw, 724px\" \/>\t\t\t\t\t\t\t\t\t\t\t\t\t\t\t<\/div>\n\t\t\t\t<\/div>\n\t\t\t\t\t<\/div>\n\t\t<\/div>\n\t\t\t\t\t\t\t<\/div>\n\t\t<\/section>\n\t\t\t\t\t<\/div>\n\t\t<\/div>\n\t\t\t\t\t\t\t<\/div>\n\t\t<\/section>\n\t\t\t\t\t\t<\/div>\n\t\t\t\t\t<\/div>\n\t\t","protected":false},"excerpt":{"rendered":"<p>V\u00e4lkommen till hundens h\u00e4lsa Hundens H\u00e4lsa \u00e4r ett familj\u00e4rt hunddagis som ligger centralt i Bor\u00e5s n\u00e4ra Bor\u00e5s resecentrum och Centralstationen. Det finns goda pendlingsm\u00f6jligheter och \u00e4r bara fem minuter ifr\u00e5n centrum. V\u00e5r lokal \u00e4r godk\u00e4nd av L\u00e4nsstyrelsen. Den \u00e4r rymlig med naturligt ljusinsl\u00e4pp och vi har f\u00f6nster i alla v\u00e5ra hundrum. Hunddagiset \u00e4r hemtrevligt inrett [&hellip;]<\/p>\n","protected":false},"author":2,"featured_media":0,"parent":0,"menu_order":0,"comment_status":"closed","ping_status":"closed","template":"elementor_header_footer","meta":[],"_links":{"self":[{"href":"https:\/\/hundenshalsa.com\/index.php?rest_route=\/wp\/v2\/pages\/102"}],"collection":[{"href":"https:\/\/hundenshalsa.com\/index.php?rest_route=\/wp\/v2\/pages"}],"about":[{"href":"https:\/\/hundenshalsa.com\/index.php?rest_route=\/wp\/v2\/types\/page"}],"author":[{"embeddable":true,"href":"https:\/\/hundenshalsa.com\/index.php?rest_route=\/wp\/v2\/users\/2"}],"replies":[{"embeddable":true,"href":"https:\/\/hundenshalsa.com\/index.php?rest_route=%2Fwp%2Fv2%2Fcomments&post=102"}],"version-history":[{"count":21,"href":"https:\/\/hundenshalsa.com\/index.php?rest_route=\/wp\/v2\/pages\/102\/revisions"}],"predecessor-version":[{"id":836,"href":"https:\/\/hundenshalsa.com\/index.php?rest_route=\/wp\/v2\/pages\/102\/revisions\/836"}],"wp:attachment":[{"href":"https:\/\/hundenshalsa.com\/index.php?rest_route=%2Fwp%2Fv2%2Fmedia&parent=102"}],"curies":[{"name":"wp","href":"https:\/\/api.w.org\/{rel}","templated":true}]}}